{"id":69707,"date":"2021-11-01T11:32:21","date_gmt":"2021-11-01T04:32:21","guid":{"rendered":"https:\/\/polygon-dokerized.tongkolspace.com\/strattos-s5d\/"},"modified":"2023-07-11T04:04:25","modified_gmt":"2023-07-10T21:04:25","slug":"strattos-s5d","status":"publish","type":"product","link":"https:\/\/polygon-dokerized.tongkolspace.com\/fr\/strattos-s5d\/","title":{"rendered":"STRATTOS S5D"},"content":{"rendered":"<p style=\"text-align: Justify;\"><span data-sheets-value=\"{&quot;1&quot;:2,&quot;2&quot;:&quot;Le Strattos ALX est le v\u00e9lo id\u00e9al pour les hommes et femmes qui souhaitent reprendre ou continuer une activit\u00e9 sportive ludique. La g\u00e9om\u00e9trie du cadre, la polyvalence des roues et la technicit\u00e9 de l'\u00e9quipement pourront vous accompagner jusqu\u2019aux portes de la performance. Quel que soit votre niveau, quelles que soient vos ambitions, notre Strattos ALX vous accompagnera sur toutes les routes du sport et du bien-\u00eatre \u00e0 v\u00e9lo. &quot;}\" data-sheets-userformat=\"{&quot;2&quot;:14399,&quot;3&quot;:{&quot;1&quot;:1},&quot;4&quot;:{&quot;1&quot;:2,&quot;2&quot;:63744},&quot;5&quot;:{&quot;1&quot;:[{&quot;1&quot;:2,&quot;2&quot;:0,&quot;5&quot;:{&quot;1&quot;:2,&quot;2&quot;:11184810}},{&quot;1&quot;:0,&quot;2&quot;:0,&quot;3&quot;:3},{&quot;1&quot;:1,&quot;2&quot;:0,&quot;4&quot;:1}]},&quot;6&quot;:{&quot;1&quot;:[{&quot;1&quot;:2,&quot;2&quot;:0,&quot;5&quot;:{&quot;1&quot;:2,&quot;2&quot;:11184810}},{&quot;1&quot;:0,&quot;2&quot;:0,&quot;3&quot;:3},{&quot;1&quot;:1,&quot;2&quot;:0,&quot;4&quot;:1}]},&quot;7&quot;:{&quot;1&quot;:[{&quot;1&quot;:2,&quot;2&quot;:0,&quot;5&quot;:{&quot;1&quot;:2,&quot;2&quot;:11184810}},{&quot;1&quot;:0,&quot;2&quot;:0,&quot;3&quot;:3},{&quot;1&quot;:1,&quot;2&quot;:0,&quot;4&quot;:1}]},&quot;8&quot;:{&quot;1&quot;:[{&quot;1&quot;:2,&quot;2&quot;:0,&quot;5&quot;:{&quot;1&quot;:2,&quot;2&quot;:11184810}},{&quot;1&quot;:0,&quot;2&quot;:0,&quot;3&quot;:3},{&quot;1&quot;:1,&quot;2&quot;:0,&quot;4&quot;:1}]},&quot;14&quot;:{&quot;1&quot;:2,&quot;2&quot;:0},&quot;15&quot;:&quot;Arial&quot;,&quot;16&quot;:10}\">Le Strattos ALX est le v\u00e9lo id\u00e9al pour les hommes et femmes qui souhaitent reprendre ou continuer une activit\u00e9 sportive ludique. La g\u00e9om\u00e9trie du cadre, la polyvalence des roues et la technicit\u00e9 de l&#8217;\u00e9quipement pourront vous accompagner jusqu\u2019aux portes de la performance. Quel que soit votre niveau, quelles que soient vos ambitions, notre Strattos ALX vous accompagnera sur toutes les routes du sport et du bien-\u00eatre \u00e0 v\u00e9lo. <\/span><\/p>\n\n    <div class=\"xs_social_share_widget xs_share_url after_content \t\tmain_content  wslu-style-1 wslu-share-box-shaped wslu-fill-colored wslu-none wslu-share-horizontal wslu-theme-font-no wslu-main_content\">\n\n\t\t\n        <ul>\n\t\t\t        <\/ul>\n    <\/div> \n","protected":false},"excerpt":{"rendered":"<p><span data-sheets-value=\"{&quot;1&quot;:2,&quot;2&quot;:&quot;Nos v\u00e9los de route performance&quot;}\" data-sheets-userformat=\"{&quot;2&quot;:14399,&quot;3&quot;:{&quot;1&quot;:1},&quot;4&quot;:{&quot;1&quot;:2,&quot;2&quot;:63744},&quot;5&quot;:{&quot;1&quot;:[{&quot;1&quot;:2,&quot;2&quot;:0,&quot;5&quot;:{&quot;1&quot;:2,&quot;2&quot;:11184810}},{&quot;1&quot;:0,&quot;2&quot;:0,&quot;3&quot;:3},{&quot;1&quot;:1,&quot;2&quot;:0,&quot;4&quot;:1}]},&quot;6&quot;:{&quot;1&quot;:[{&quot;1&quot;:2,&quot;2&quot;:0,&quot;5&quot;:{&quot;1&quot;:2,&quot;2&quot;:11184810}},{&quot;1&quot;:0,&quot;2&quot;:0,&quot;3&quot;:3},{&quot;1&quot;:1,&quot;2&quot;:0,&quot;4&quot;:1}]},&quot;7&quot;:{&quot;1&quot;:[{&quot;1&quot;:2,&quot;2&quot;:0,&quot;5&quot;:{&quot;1&quot;:2,&quot;2&quot;:11184810}},{&quot;1&quot;:0,&quot;2&quot;:0,&quot;3&quot;:3},{&quot;1&quot;:1,&quot;2&quot;:0,&quot;4&quot;:1}]},&quot;8&quot;:{&quot;1&quot;:[{&quot;1&quot;:2,&quot;2&quot;:0,&quot;5&quot;:{&quot;1&quot;:2,&quot;2&quot;:11184810}},{&quot;1&quot;:0,&quot;2&quot;:0,&quot;3&quot;:3},{&quot;1&quot;:1,&quot;2&quot;:0,&quot;4&quot;:1}]},&quot;14&quot;:{&quot;1&quot;:2,&quot;2&quot;:0},&quot;15&quot;:&quot;Arial&quot;,&quot;16&quot;:10}\">Nos v\u00e9los de route performance<\/span><\/p>\n","protected":false},"featured_media":71027,"comment_status":"open","ping_status":"closed","template":"","meta":{"_editorskit_title_hidden":false,"_editorskit_reading_time":0,"_editorskit_is_block_options_detached":false,"_editorskit_block_options_position":"{}","_themeisle_gutenberg_block_has_review":false},"product_cat":[3332],"product_tag":[],"acf":[],"_links":{"self":[{"href":"https:\/\/polygon-dokerized.tongkolspace.com\/fr\/wp-json\/wp\/v2\/product\/69707"}],"collection":[{"href":"https:\/\/polygon-dokerized.tongkolspace.com\/fr\/wp-json\/wp\/v2\/product"}],"about":[{"href":"https:\/\/polygon-dokerized.tongkolspace.com\/fr\/wp-json\/wp\/v2\/types\/product"}],"replies":[{"embeddable":true,"href":"https:\/\/polygon-dokerized.tongkolspace.com\/fr\/wp-json\/wp\/v2\/comments?post=69707"}],"wp:featuredmedia":[{"embeddable":true,"href":"https:\/\/polygon-dokerized.tongkolspace.com\/fr\/wp-json\/wp\/v2\/media\/71027"}],"wp:attachment":[{"href":"https:\/\/polygon-dokerized.tongkolspace.com\/fr\/wp-json\/wp\/v2\/media?parent=69707"}],"wp:term":[{"taxonomy":"product_cat","embeddable":true,"href":"https:\/\/polygon-dokerized.tongkolspace.com\/fr\/wp-json\/wp\/v2\/product_cat?post=69707"},{"taxonomy":"product_tag","embeddable":true,"href":"https:\/\/polygon-dokerized.tongkolspace.com\/fr\/wp-json\/wp\/v2\/product_tag?post=69707"}],"curies":[{"name":"wp","href":"https:\/\/api.w.org\/{rel}","templated":true}]}}