{"id":69726,"date":"2021-10-09T15:25:34","date_gmt":"2021-10-09T08:25:34","guid":{"rendered":"https:\/\/polygon-dokerized.tongkolspace.com\/strattos-s7d\/"},"modified":"2024-06-07T10:24:57","modified_gmt":"2024-06-07T03:24:57","slug":"strattos-s7d-2","status":"publish","type":"product","link":"https:\/\/polygon-dokerized.tongkolspace.com\/fr\/strattos-s7d-2\/","title":{"rendered":"STRATTOS S7D"},"content":{"rendered":"<p><span data-sheets-value=\"{&quot;1&quot;:2,&quot;2&quot;:&quot;Notre s\u00e9rie Strattos ACX carbone est issue de la comp\u00e9tition. Approuv\u00e9e par l'Union Cycliste Internationale, la raison d'\u00eatre de nos Strattos ACX est de rendre l'acquisition d'un v\u00e9lo de route performance facile pour tous. La construction de notre ensemble cadre, fourche mixe un pr\u00e9cieux rendement associ\u00e9 \u00e0 un excellent niveau de confort pour une polyvalence incontournable. L'assurance de rouler, grimper, descendre, relancer seul ou en peloton \u00e0 son rythme tout en progressant pour prolonger ses prochaines sorties. &quot;}\" data-sheets-userformat=\"{&quot;2&quot;:14399,&quot;3&quot;:{&quot;1&quot;:1},&quot;4&quot;:{&quot;1&quot;:2,&quot;2&quot;:63744},&quot;5&quot;:{&quot;1&quot;:[{&quot;1&quot;:2,&quot;2&quot;:0,&quot;5&quot;:{&quot;1&quot;:2,&quot;2&quot;:11184810}},{&quot;1&quot;:0,&quot;2&quot;:0,&quot;3&quot;:3},{&quot;1&quot;:1,&quot;2&quot;:0,&quot;4&quot;:1}]},&quot;6&quot;:{&quot;1&quot;:[{&quot;1&quot;:2,&quot;2&quot;:0,&quot;5&quot;:{&quot;1&quot;:2,&quot;2&quot;:11184810}},{&quot;1&quot;:0,&quot;2&quot;:0,&quot;3&quot;:3},{&quot;1&quot;:1,&quot;2&quot;:0,&quot;4&quot;:1}]},&quot;7&quot;:{&quot;1&quot;:[{&quot;1&quot;:2,&quot;2&quot;:0,&quot;5&quot;:{&quot;1&quot;:2,&quot;2&quot;:11184810}},{&quot;1&quot;:0,&quot;2&quot;:0,&quot;3&quot;:3},{&quot;1&quot;:1,&quot;2&quot;:0,&quot;4&quot;:1}]},&quot;8&quot;:{&quot;1&quot;:[{&quot;1&quot;:2,&quot;2&quot;:0,&quot;5&quot;:{&quot;1&quot;:2,&quot;2&quot;:11184810}},{&quot;1&quot;:0,&quot;2&quot;:0,&quot;3&quot;:3},{&quot;1&quot;:1,&quot;2&quot;:0,&quot;4&quot;:1}]},&quot;14&quot;:{&quot;1&quot;:2,&quot;2&quot;:0},&quot;15&quot;:&quot;Arial&quot;,&quot;16&quot;:10}\">Notre s\u00e9rie Strattos ACX carbone est issue de la comp\u00e9tition. Approuv\u00e9e par l&#8217;Union Cycliste Internationale, la raison d&#8217;\u00eatre de nos Strattos ACX est de rendre l&#8217;acquisition d&#8217;un v\u00e9lo de route performance facile pour tous. La construction de notre ensemble cadre, fourche mixe un pr\u00e9cieux rendement associ\u00e9 \u00e0 un excellent niveau de confort pour une polyvalence incontournable. L&#8217;assurance de rouler, grimper, descendre, relancer seul ou en peloton \u00e0 son rythme tout en progressant pour prolonger ses prochaines sorties. <\/span><\/p>\n\n    <div class=\"xs_social_share_widget xs_share_url after_content \t\tmain_content  wslu-style-1 wslu-share-box-shaped wslu-fill-colored wslu-none wslu-share-horizontal wslu-theme-font-no wslu-main_content\">\n\n\t\t\n        <ul>\n\t\t\t        <\/ul>\n    <\/div> \n","protected":false},"excerpt":{"rendered":"<p><span data-sheets-value=\"{&quot;1&quot;:2,&quot;2&quot;:&quot;Nos v\u00e9los de route performance&quot;}\" data-sheets-userformat=\"{&quot;2&quot;:14399,&quot;3&quot;:{&quot;1&quot;:1},&quot;4&quot;:{&quot;1&quot;:2,&quot;2&quot;:63744},&quot;5&quot;:{&quot;1&quot;:[{&quot;1&quot;:2,&quot;2&quot;:0,&quot;5&quot;:{&quot;1&quot;:2,&quot;2&quot;:11184810}},{&quot;1&quot;:0,&quot;2&quot;:0,&quot;3&quot;:3},{&quot;1&quot;:1,&quot;2&quot;:0,&quot;4&quot;:1}]},&quot;6&quot;:{&quot;1&quot;:[{&quot;1&quot;:2,&quot;2&quot;:0,&quot;5&quot;:{&quot;1&quot;:2,&quot;2&quot;:11184810}},{&quot;1&quot;:0,&quot;2&quot;:0,&quot;3&quot;:3},{&quot;1&quot;:1,&quot;2&quot;:0,&quot;4&quot;:1}]},&quot;7&quot;:{&quot;1&quot;:[{&quot;1&quot;:2,&quot;2&quot;:0,&quot;5&quot;:{&quot;1&quot;:2,&quot;2&quot;:11184810}},{&quot;1&quot;:0,&quot;2&quot;:0,&quot;3&quot;:3},{&quot;1&quot;:1,&quot;2&quot;:0,&quot;4&quot;:1}]},&quot;8&quot;:{&quot;1&quot;:[{&quot;1&quot;:2,&quot;2&quot;:0,&quot;5&quot;:{&quot;1&quot;:2,&quot;2&quot;:11184810}},{&quot;1&quot;:0,&quot;2&quot;:0,&quot;3&quot;:3},{&quot;1&quot;:1,&quot;2&quot;:0,&quot;4&quot;:1}]},&quot;14&quot;:{&quot;1&quot;:2,&quot;2&quot;:0},&quot;15&quot;:&quot;Arial&quot;,&quot;16&quot;:10}\">Nos v\u00e9los de route performance<\/span><\/p>\n","protected":false},"featured_media":69741,"comment_status":"open","ping_status":"closed","template":"","meta":{"_editorskit_title_hidden":false,"_editorskit_reading_time":0,"_editorskit_is_block_options_detached":false,"_editorskit_block_options_position":"{}","_themeisle_gutenberg_block_has_review":false},"product_cat":[3332],"product_tag":[],"acf":[],"_links":{"self":[{"href":"https:\/\/polygon-dokerized.tongkolspace.com\/fr\/wp-json\/wp\/v2\/product\/69726"}],"collection":[{"href":"https:\/\/polygon-dokerized.tongkolspace.com\/fr\/wp-json\/wp\/v2\/product"}],"about":[{"href":"https:\/\/polygon-dokerized.tongkolspace.com\/fr\/wp-json\/wp\/v2\/types\/product"}],"replies":[{"embeddable":true,"href":"https:\/\/polygon-dokerized.tongkolspace.com\/fr\/wp-json\/wp\/v2\/comments?post=69726"}],"wp:featuredmedia":[{"embeddable":true,"href":"https:\/\/polygon-dokerized.tongkolspace.com\/fr\/wp-json\/wp\/v2\/media\/69741"}],"wp:attachment":[{"href":"https:\/\/polygon-dokerized.tongkolspace.com\/fr\/wp-json\/wp\/v2\/media?parent=69726"}],"wp:term":[{"taxonomy":"product_cat","embeddable":true,"href":"https:\/\/polygon-dokerized.tongkolspace.com\/fr\/wp-json\/wp\/v2\/product_cat?post=69726"},{"taxonomy":"product_tag","embeddable":true,"href":"https:\/\/polygon-dokerized.tongkolspace.com\/fr\/wp-json\/wp\/v2\/product_tag?post=69726"}],"curies":[{"name":"wp","href":"https:\/\/api.w.org\/{rel}","templated":true}]}}